{"id":1391,"date":"2026-01-10T22:25:20","date_gmt":"2026-01-10T22:25:20","guid":{"rendered":"https:\/\/casgug.pl\/?page_id=1391"},"modified":"2026-01-12T18:47:29","modified_gmt":"2026-01-12T18:47:29","slug":"materialy-archiwalne","status":"publish","type":"page","link":"https:\/\/casgug.pl\/index.php\/materialy-archiwalne\/","title":{"rendered":"Materia\u0142y archiwalne"},"content":{"rendered":"\n<p>W CASGUGu gromadzimy cyfrowe wersje materia\u0142\u00f3w archiwalnych zwi\u0105zanych z gmin\u0105 U\u015bcie Gorlickie.<\/p>\n\n\n\n<h2 class=\"wp-block-heading\">Jakie zbiory gromadzi archiwum spo\u0142eczne?<\/h2>\n\n\n\n<p>Katalog materia\u0142\u00f3w archiwalnych gromadzonych przez Cyfrowe Archiwum Spo\u0142eczne Gminy U\u015bcie Gorlickie jest otwarty, chcemy aby w naszym archiwum znalaz\u0142y si\u0119:  <\/p>\n\n\n\n<ul class=\"wp-block-list\">\n<li>Fotografie \u2013 bo przecie\u017c prawie ka\u017cdy z&nbsp;nas ma&nbsp;w&nbsp;domu jakie\u015b fotografie, a&nbsp;naj\u0142atwiej zacz\u0105\u0107 gromadzenie zbior\u00f3w od&nbsp;materia\u0142\u00f3w, kt\u00f3re wyst\u0119puj\u0105 powszechnie.<\/li>\n\n\n\n<li>Dokumenty pokazuj\u0105ce \u017cycie i&nbsp;dzia\u0142alno\u015b\u0107 konkretnej osoby lub&nbsp;rodziny \u2013 mamy tu na my\u015bli korespondencj\u0119, notatki, dokumenty dotycz\u0105ce nauki szkolnej, pracy zawodowej i&nbsp;dzia\u0142alno\u015bci spo\u0142ecznej. <\/li>\n\n\n\n<li>Wspomnienia, dzienniki lub&nbsp;pami\u0119tniki.<\/li>\n\n\n\n<li>Dokumenty \u017cycia spo\u0142ecznego \u2013 czyli&nbsp;ulotki, plakaty, materia\u0142y ikonograficzne odzwierciedlaj\u0105ce wydarzenia spo\u0142eczne i&nbsp;polityczne, dziej\u0105ce si\u0119 w&nbsp;przesz\u0142o\u015bci.<\/li>\n\n\n\n<li>Dokumenty pokazuj\u0105ce dzia\u0142alno\u015b\u0107 innych organizacji i&nbsp;stowarzysze\u0144 \u2013 zdarza si\u0119, \u017ce&nbsp;jaki\u015b podmiot nie&nbsp;ma&nbsp;mo\u017cliwo\u015bci digitalizacji i udost\u0119pnienia swoich materia\u0142\u00f3w. Wtedy takie materia\u0142y mog\u0105 trafi\u0107 do naszego archiwum spo\u0142ecznego, celem opracowania, zdigitalizowania i udost\u0119pnienia. <\/li>\n\n\n\n<li>Nagrania audio i&nbsp;wideo \u2013 w CASGUG znajduje si\u0119 wiele nagra\u0144 audio &#8211; s\u0105 to wywiady z najstarszymi mieszka\u0144cami gminy, artystami, muzykami, dzia\u0142aczami spo\u0142ecznymi i depozytariuszami lokalnego dziedzictwa kulturowego.<\/li>\n<\/ul>\n","protected":false},"excerpt":{"rendered":"<p>W CASGUGu gromadzimy cyfrowe wersje materia\u0142\u00f3w archiwalnych zwi\u0105zanych z gmin\u0105 U\u015bcie Gorlickie. Jakie zbiory gromadzi archiwum spo\u0142eczne? Katalog materia\u0142\u00f3w archiwalnych gromadzonych przez Cyfrowe Archiwum Spo\u0142eczne Gminy U\u015bcie Gorlickie jest otwarty, chcemy aby w naszym archiwum znalaz\u0142y si\u0119:<\/p>\n","protected":false},"author":1,"featured_media":1403,"parent":0,"menu_order":0,"comment_status":"closed","ping_status":"closed","template":"","meta":{"footnotes":""},"class_list":["post-1391","page","type-page","status-publish","has-post-thumbnail","hentry"],"_links":{"self":[{"href":"https:\/\/casgug.pl\/index.php\/wp-json\/wp\/v2\/pages\/1391","targetHints":{"allow":["GET"]}}],"collection":[{"href":"https:\/\/casgug.pl\/index.php\/wp-json\/wp\/v2\/pages"}],"about":[{"href":"https:\/\/casgug.pl\/index.php\/wp-json\/wp\/v2\/types\/page"}],"author":[{"embeddable":true,"href":"https:\/\/casgug.pl\/index.php\/wp-json\/wp\/v2\/users\/1"}],"replies":[{"embeddable":true,"href":"https:\/\/casgug.pl\/index.php\/wp-json\/wp\/v2\/comments?post=1391"}],"version-history":[{"count":2,"href":"https:\/\/casgug.pl\/index.php\/wp-json\/wp\/v2\/pages\/1391\/revisions"}],"predecessor-version":[{"id":1395,"href":"https:\/\/casgug.pl\/index.php\/wp-json\/wp\/v2\/pages\/1391\/revisions\/1395"}],"wp:featuredmedia":[{"embeddable":true,"href":"https:\/\/casgug.pl\/index.php\/wp-json\/wp\/v2\/media\/1403"}],"wp:attachment":[{"href":"https:\/\/casgug.pl\/index.php\/wp-json\/wp\/v2\/media?parent=1391"}],"curies":[{"name":"wp","href":"https:\/\/api.w.org\/{rel}","templated":true}]}}