{"id":1376,"date":"2025-09-10T14:28:00","date_gmt":"2025-09-10T14:28:00","guid":{"rendered":"https:\/\/casgug.pl\/?page_id=1376"},"modified":"2026-01-17T00:42:02","modified_gmt":"2026-01-17T00:42:02","slug":"kpo-dla-kultury","status":"publish","type":"page","link":"https:\/\/casgug.pl\/index.php\/kpo-dla-kultury\/","title":{"rendered":"KPO dla kultury"},"content":{"rendered":"\n<p>Utworzenie przez Fundacj\u0119 &#8222;Memo&#8221; Cyfrowego Archiwum Spo\u0142ecznego Gminy U\u015bcie Gorlickie mo\u017cliwe by\u0142o dzi\u0119ki wsp\u00f3\u0142finansowaniu dzia\u0142a\u0144 przez Uni\u0119 Europejsk\u0105&nbsp;<strong>NextGenerationEU<\/strong>:<\/p>\n\n\n\n<p>Przedsi\u0119wzi\u0119cie ma na celu dokumentacj\u0119, archiwizacj\u0119, badanie i popularyzacj\u0119 kultury i wiedzy o kulturze ludowej gminy U\u015bcie Gorlickie dzi\u0119ki utworzeniu Cyfrowego Archiwum Spo\u0142ecznego Gminy U\u015bcie Gorlickie (CASGUG). Przeprowadzimy badania etnograficzne we wszystkich 19. so\u0142ectwach gm. U\u015bcie Gorlickie, s\u0142u\u017c\u0105ce m.in. dokumentacji kultury. Zdigitalizujemy co najmniej 500 archiwali\u00f3w i przeprowadzimy 70 wywiad\u00f3w a ca\u0142o\u015b\u0107 zarchiwizujemy i udost\u0119pnimy online. We\u017amiemy udzia\u0142 w spotkaniu ze specjalistami m.in. z Centrum Archiwistyki Spo\u0142ecznej by podnie\u015b\u0107 nasze kompetencje cyfrowe i ekologiczne. Zorganizujemy wystaw\u0119 fotografii i warsztaty dla mieszka\u0144c\u00f3w z zakresu archiwistyki, historii m\u00f3wionej i tego jak dba\u0107 o swoje archiwa domowe.<\/p>\n\n\n\n<p><\/p>\n\n\n\n<figure class=\"wp-block-image size-large\"><img fetchpriority=\"high\" decoding=\"async\" width=\"1024\" height=\"614\" src=\"https:\/\/casgug.pl\/wp-content\/uploads\/2026\/01\/Fundacja-Memo-realizuje-przedsiewziecie-Archiwum-Cyfrowe-Gminy-Uscie-Gorlickie-1-1024x614.png\" alt=\"\" class=\"wp-image-1591\" srcset=\"https:\/\/casgug.pl\/wp-content\/uploads\/2026\/01\/Fundacja-Memo-realizuje-przedsiewziecie-Archiwum-Cyfrowe-Gminy-Uscie-Gorlickie-1-1024x614.png 1024w, https:\/\/casgug.pl\/wp-content\/uploads\/2026\/01\/Fundacja-Memo-realizuje-przedsiewziecie-Archiwum-Cyfrowe-Gminy-Uscie-Gorlickie-1-300x180.png 300w, https:\/\/casgug.pl\/wp-content\/uploads\/2026\/01\/Fundacja-Memo-realizuje-przedsiewziecie-Archiwum-Cyfrowe-Gminy-Uscie-Gorlickie-1.png 2000w\" sizes=\"(max-width: 1024px) 100vw, 1024px\" \/><\/figure>\n","protected":false},"excerpt":{"rendered":"<p>Utworzenie przez Fundacj\u0119 &#8222;Memo&#8221; Cyfrowego Archiwum Spo\u0142ecznego Gminy U\u015bcie Gorlickie mo\u017cliwe by\u0142o dzi\u0119ki wsp\u00f3\u0142finansowaniu dzia\u0142a\u0144 przez Uni\u0119 Europejsk\u0105&nbsp;NextGenerationEU: Przedsi\u0119wzi\u0119cie ma na celu dokumentacj\u0119, archiwizacj\u0119, badanie i popularyzacj\u0119 kultury i wiedzy o kulturze ludowej gminy U\u015bcie Gorlickie dzi\u0119ki utworzeniu Cyfrowego Archiwum Spo\u0142ecznego Gminy U\u015bcie Gorlickie (CASGUG). Przeprowadzimy badania etnograficzne we wszystkich 19. so\u0142ectwach gm. U\u015bcie Gorlickie, &hellip; <\/p>\n<p class=\"link-more\"><a href=\"https:\/\/casgug.pl\/index.php\/kpo-dla-kultury\/\" class=\"more-link\">Read more<span class=\"screen-reader-text\"> &#8222;KPO dla kultury&#8221;<\/span><\/a><\/p>\n","protected":false},"author":1,"featured_media":1379,"parent":0,"menu_order":0,"comment_status":"closed","ping_status":"closed","template":"","meta":{"footnotes":""},"class_list":["post-1376","page","type-page","status-publish","has-post-thumbnail","hentry"],"_links":{"self":[{"href":"https:\/\/casgug.pl\/index.php\/wp-json\/wp\/v2\/pages\/1376","targetHints":{"allow":["GET"]}}],"collection":[{"href":"https:\/\/casgug.pl\/index.php\/wp-json\/wp\/v2\/pages"}],"about":[{"href":"https:\/\/casgug.pl\/index.php\/wp-json\/wp\/v2\/types\/page"}],"author":[{"embeddable":true,"href":"https:\/\/casgug.pl\/index.php\/wp-json\/wp\/v2\/users\/1"}],"replies":[{"embeddable":true,"href":"https:\/\/casgug.pl\/index.php\/wp-json\/wp\/v2\/comments?post=1376"}],"version-history":[{"count":4,"href":"https:\/\/casgug.pl\/index.php\/wp-json\/wp\/v2\/pages\/1376\/revisions"}],"predecessor-version":[{"id":1592,"href":"https:\/\/casgug.pl\/index.php\/wp-json\/wp\/v2\/pages\/1376\/revisions\/1592"}],"wp:featuredmedia":[{"embeddable":true,"href":"https:\/\/casgug.pl\/index.php\/wp-json\/wp\/v2\/media\/1379"}],"wp:attachment":[{"href":"https:\/\/casgug.pl\/index.php\/wp-json\/wp\/v2\/media?parent=1376"}],"curies":[{"name":"wp","href":"https:\/\/api.w.org\/{rel}","templated":true}]}}