{"id":1337,"date":"2026-01-07T23:17:48","date_gmt":"2026-01-07T23:17:48","guid":{"rendered":"https:\/\/casgug.pl\/?page_id=1337"},"modified":"2026-01-07T23:38:32","modified_gmt":"2026-01-07T23:38:32","slug":"regulamin","status":"publish","type":"page","link":"https:\/\/casgug.pl\/index.php\/regulamin\/","title":{"rendered":"REGULAMIN"},"content":{"rendered":"\n<p><strong>I. Postanowienia og\u00f3lne<\/strong><\/p>\n\n\n\n<ol start=\"1\" class=\"wp-block-list\">\n<li>Niniejszy regulamin okre\u015bla zasady korzystania ze strony internetowej<strong>\u00a0Cyfrowego Archiwum Spo\u0142ecznego Gminy U\u015bcie Gorlickie www.casgug.pl<\/strong>\u00a0(dalej:\u00a0<em>CASGUG<\/em>).<\/li>\n\n\n\n<li>W\u0142a\u015bcicielem i administratorem CASGUG jest\u00a0<strong>Fundacja \u201eMemo\u201d<\/strong>\u00a0z siedzib\u0105 w Roczynach, ul. Szkolna 47, 34-120 Andrych\u00f3w. KRS: 0000674961, NIP: 5512629979, REGON: 367128320 (dalej:\u00a0<em>Administrator<\/em>).<\/li>\n\n\n\n<li>Kontakt z Administratorem mo\u017cliwy jest pod adresem e-mail:\u00a0<strong><a href=\"mailto:fundacjamemo@gmail.com\">fundacjamemo@gmail.com<\/a> <\/strong>i nr tel. 669 71 03 11.<\/li>\n\n\n\n<li>Korzystanie z ze strony CASGUG oznacza akceptacj\u0119 niniejszego Regulaminu.<\/li>\n<\/ol>\n\n\n\n<p><strong>II. Cel i charakter CASGUG<\/strong><\/p>\n\n\n\n<ol start=\"1\" class=\"wp-block-list\">\n<li>Strona CASGUG \u00a0jest multimedialn\u0105 baz\u0105 materia\u0142\u00f3w archiwalnych i \u017ar\u00f3d\u0142em historii m\u00f3wionej os\u00f3b zwi\u0105zanych z gmin\u0105 U\u015bcie Gorlickie. Administrator digitalizuje, archiwizuje i zabezpiecza wspomnienia a tak\u017ce wszelkiego rodzaju fotografie, dokumenty i materia\u0142y audio i video zwi\u0105zane z gmin\u0105, a nast\u0119pnie je udost\u0119pnia na stronie CASGUG.<\/li>\n\n\n\n<li>Administrator archiwizuje materia\u0142y archiwalne wchodz\u0105ce w sk\u0142ad CASGUG w Otwartym Systemie Archiwizacji opracowanym i udost\u0119pnionym online przez Centrum Archiwistyki Spo\u0142ecznej z siedzib\u0105 w Warszawie.<\/li>\n\n\n\n<li>CASGUG nie prowadzi dzia\u0142alno\u015bci handlowej ani us\u0142ug elektronicznych w rozumieniu ustawy o \u015bwiadczeniu us\u0142ug drog\u0105 elektroniczn\u0105.<\/li>\n\n\n\n<li>Przegl\u0105danie materia\u0142\u00f3w zamieszczonych na stronie CASGUG jest bezp\u0142atne i nie wymaga rejestracji.<\/li>\n<\/ol>\n\n\n\n<p><strong>III. Zasady korzystania z CASGUG<\/strong><\/p>\n\n\n\n<ol start=\"1\" class=\"wp-block-list\">\n<li>U\u017cytkownik zobowi\u0105zany jest do korzystania ze strony CASGUG w spos\u00f3b zgodny z prawem oraz niniejszym Regulaminem.<\/li>\n\n\n\n<li>Zabronione jest podejmowanie dzia\u0142a\u0144 mog\u0105cych utrudnia\u0107 funkcjonowanie strony CASGUG lub naruszaj\u0105cych bezpiecze\u0144stwo danych (np. pr\u00f3by w\u0142amania, wprowadzanie z\u0142o\u015bliwego oprogramowania itp.).<\/li>\n\n\n\n<li>Zabronione jest r\u00f3wnie\u017c wykorzystanie materia\u0142\u00f3w (w tym archiwalnych) zamieszczonych na stronie CASGUG do jakichkolwiek cel\u00f3w wydawniczych, wystawienniczych i innych bez wzgl\u0119du na to, czy maj\u0105 one charakter komercyjny czy niekomercyjny, bez wcze\u015bniejszej pisemnej zgody w\u0142a\u015bciciela archiwum (Fundacji \u201eMemo\u201d).<\/li>\n\n\n\n<li>Administrator zastrzega sobie prawo do wprowadzania wszelkich zmian w tre\u015bci strony CASGUG.<\/li>\n<\/ol>\n\n\n\n<p><strong>IV. Prawa autorskie<\/strong><\/p>\n\n\n\n<ol start=\"1\" class=\"wp-block-list\">\n<li>Wszystkie tre\u015bci zamieszczone na stronie CASGUG, w tym materia\u0142y archiwalne, teksty, fotografie, filmy i nagrania audio, grafiki, loga i inne elementy identyfikacji wizualnej, publikacje elektroniczne stanowi\u0105 w\u0142asno\u015b\u0107 Administratora lub podmiot\u00f3w wsp\u00f3\u0142pracuj\u0105cych z Administratorem i s\u0105 chronione przepisami prawa autorskiego.<\/li>\n\n\n\n<li>Kopiowanie, przetwarzanie lub rozpowszechnianie materia\u0142\u00f3w zamieszczonych na stronie CASGUG bez zgody Administratora jest zabronione.<\/li>\n\n\n\n<li>Cytowanie materia\u0142\u00f3w ze strony CASGUG jest dozwolone wy\u0142\u0105cznie z podaniem \u017ar\u00f3d\u0142a:<strong><a href=\"http:\/\/\u00a0www.casgug.pl\">\u00a0www.casgug.pl<\/a><\/strong> Cyfrowe Archiwum Spo\u0142eczne Gminy U\u015bcie Gorlickie.<\/li>\n<\/ol>\n\n\n\n<p><strong>V. Ochrona danych osobowych<\/strong><\/p>\n\n\n\n<ol start=\"1\" class=\"wp-block-list\">\n<li>Dane osobowe u\u017cytkownik\u00f3w przetwarzane s\u0105 zgodnie z obowi\u0105zuj\u0105cymi przepisami prawa, w szczeg\u00f3lno\u015bci z Rozporz\u0105dzeniem Parlamentu Europejskiego i Rady (UE) 2016\/679 (RODO).<\/li>\n\n\n\n<li>Szczeg\u00f3\u0142owe informacje o zasadach przetwarzania danych osobowych znajduj\u0105 si\u0119 w Polityce prywatno\u015bci, dost\u0119pnej pod adresem: https:\/\/casgug.pl\/index.php\/polityka-prywatnosci\/<\/li>\n<\/ol>\n\n\n\n<p><strong>VI. Pliki cookies<\/strong><\/p>\n\n\n\n<ol start=\"1\" class=\"wp-block-list\">\n<li>Serwis mo\u017ce wykorzystywa\u0107 pliki cookies w celu zapewnienia jego prawid\u0142owego dzia\u0142ania oraz prowadzenia statystyk odwiedzin.<\/li>\n\n\n\n<li>Zasady dotycz\u0105ce stosowania plik\u00f3w cookies opisane s\u0105 w osobnym dokumencie \u2013\u00a0Polityka plik\u00f3w cookies, dost\u0119pnym pod adresem:\u00a0<strong>https:\/\/casgug.pl\/index.php\/polityka-plikow-cookies\/<\/strong><\/li>\n<\/ol>\n\n\n\n<p><strong>VII. Postanowienia ko\u0144cowe<\/strong><\/p>\n\n\n\n<ol start=\"1\" class=\"wp-block-list\">\n<li>Administrator zastrzega sobie prawo do zmiany niniejszego Regulaminu.<\/li>\n\n\n\n<li>Wszelkie zmiany Regulaminu b\u0119d\u0105 publikowane na stronie www.beskidzieniskim.pl\/regulamin i obowi\u0105zuj\u0105 od momentu ich opublikowania.<\/li>\n\n\n\n<li>Administrator nie ponosi odpowiedzialno\u015bci za ewentualne szkody powsta\u0142e w wyniku korzystania z Serwisu lub niemo\u017cno\u015bci z niego korzystania.<\/li>\n<\/ol>\n\n\n\n<p>W sprawach nieuregulowanych niniejszym Regulaminem zastosowanie maj\u0105 przepisy prawa polskiego.<\/p>\n","protected":false},"excerpt":{"rendered":"<p>I. Postanowienia og\u00f3lne II. Cel i charakter CASGUG III. Zasady korzystania z CASGUG IV. Prawa autorskie V. Ochrona danych osobowych VI. Pliki cookies VII. Postanowienia ko\u0144cowe W sprawach nieuregulowanych niniejszym Regulaminem zastosowanie maj\u0105 przepisy prawa polskiego.<\/p>\n","protected":false},"author":1,"featured_media":1342,"parent":0,"menu_order":0,"comment_status":"closed","ping_status":"closed","template":"","meta":{"footnotes":""},"class_list":["post-1337","page","type-page","status-publish","has-post-thumbnail","hentry"],"_links":{"self":[{"href":"https:\/\/casgug.pl\/index.php\/wp-json\/wp\/v2\/pages\/1337","targetHints":{"allow":["GET"]}}],"collection":[{"href":"https:\/\/casgug.pl\/index.php\/wp-json\/wp\/v2\/pages"}],"about":[{"href":"https:\/\/casgug.pl\/index.php\/wp-json\/wp\/v2\/types\/page"}],"author":[{"embeddable":true,"href":"https:\/\/casgug.pl\/index.php\/wp-json\/wp\/v2\/users\/1"}],"replies":[{"embeddable":true,"href":"https:\/\/casgug.pl\/index.php\/wp-json\/wp\/v2\/comments?post=1337"}],"version-history":[{"count":1,"href":"https:\/\/casgug.pl\/index.php\/wp-json\/wp\/v2\/pages\/1337\/revisions"}],"predecessor-version":[{"id":1339,"href":"https:\/\/casgug.pl\/index.php\/wp-json\/wp\/v2\/pages\/1337\/revisions\/1339"}],"wp:featuredmedia":[{"embeddable":true,"href":"https:\/\/casgug.pl\/index.php\/wp-json\/wp\/v2\/media\/1342"}],"wp:attachment":[{"href":"https:\/\/casgug.pl\/index.php\/wp-json\/wp\/v2\/media?parent=1337"}],"curies":[{"name":"wp","href":"https:\/\/api.w.org\/{rel}","templated":true}]}}