{"id":1332,"date":"2026-01-07T23:03:14","date_gmt":"2026-01-07T23:03:14","guid":{"rendered":"https:\/\/casgug.pl\/?page_id=1332"},"modified":"2026-01-07T23:11:04","modified_gmt":"2026-01-07T23:11:04","slug":"polityka-plikow-cookies","status":"publish","type":"page","link":"https:\/\/casgug.pl\/index.php\/polityka-plikow-cookies\/","title":{"rendered":"Polityka plik\u00f3w cookies"},"content":{"rendered":"\n<p><strong>Polityka plik\u00f3w cookies Cyfrowego Archiwum Spo\u0142ecznego Gminy U\u015bcie Gorlickie:&nbsp;<\/strong><\/p>\n\n\n\n<p><strong>1. Informacje og\u00f3lne<\/strong><\/p>\n\n\n\n<p>Niniejsza Polityka plik\u00f3w cookies okre\u015bla zasady stosowania plik\u00f3w cookies w ramach strony internetowej&nbsp;www.casgug.pl dalej: CASGUG, prowadzonej przez Fundacj\u0119 \u201eMemo\u201d z siedzib\u0105 w Roczynach, ul. Szkolna 47, 34-120 Andrych\u00f3w. KRS: 0000674961, NIP: 5512629979, REGON: 367128320 (dalej: <em>Administrator<\/em>).<\/p>\n\n\n\n<p><a href=\"https:\/\/casgug.pl\/index.php\/polityka-plikow-cookies\/\" target=\"_blank\" rel=\"noreferrer noopener\">Zobacz stron\u0119\u2197<\/a><\/p>\n\n\n\n<p><strong>2. Czym s\u0105 pliki cookies?<\/strong><\/p>\n\n\n\n<p>Pliki cookies (tzw. \u201eciasteczka\u201d) to pliki tekstowe zapisywane w urz\u0105dzeniu ko\u0144cowym u\u017cytkownika (np. komputerze, smartfonie, tablecie) podczas korzystania ze strony CASGUG.<\/p>\n\n\n\n<p>Zawieraj\u0105 one m.in. nazw\u0119 strony internetowej, z kt\u00f3rej pochodz\u0105, czas przechowywania na urz\u0105dzeniu oraz unikalny identyfikator. Cookies nie s\u0142u\u017c\u0105 do identyfikacji u\u017cytkownik\u00f3w i nie umo\u017cliwiaj\u0105 ustalenia ich to\u017csamo\u015bci.<\/p>\n\n\n\n<p><strong>3. Cele stosowania plik\u00f3w cookies<\/strong><\/p>\n\n\n\n<p>Strona CASGUG&nbsp;wykorzystuje pliki cookies w nast\u0119puj\u0105cych celach:<\/p>\n\n\n\n<ol start=\"1\" class=\"wp-block-list\">\n<li>zapewnienia prawid\u0142owego dzia\u0142ania i bezpiecze\u0144stwa strony,<\/li>\n\n\n\n<li>zapami\u0119tania preferencji u\u017cytkownika (np. ustawie\u0144 j\u0119zyka lub rozmiaru czcionki),<\/li>\n\n\n\n<li>tworzenia anonimowych statystyk odwiedzin, kt\u00f3re pomagaj\u0105 zrozumie\u0107, w jaki spos\u00f3b u\u017cytkownicy korzystaj\u0105 ze strony i w efekcie ulepsza\u0107 jej funkcjonowanie (np. poprzez narz\u0119dzie Google Analytics).<\/li>\n<\/ol>\n\n\n\n<p><strong>4. Rodzaje plik\u00f3w cookies u\u017cywanych na stronie CASGUG<\/strong><\/p>\n\n\n\n<p>W ramach CASGUG stosowane s\u0105 nast\u0119puj\u0105ce rodzaje plik\u00f3w cookies:<\/p>\n\n\n\n<ol start=\"1\" class=\"wp-block-list\">\n<li>Cookies niezb\u0119dne \u2013 umo\u017cliwiaj\u0105ce prawid\u0142owe dzia\u0142anie strony i korzystanie z jej funkcji; ich wy\u0142\u0105czenie mo\u017ce utrudni\u0107 dzia\u0142anie CASGUG<\/li>\n\n\n\n<li>Cookies analityczne\/statystyczne \u2013 pomagaj\u0105ce zbiera\u0107 anonimowe dane statystyczne ruchu w CASGUG (np. liczba odwiedzin, czas trwania sesji, \u017ar\u00f3d\u0142o ruchu),<\/li>\n\n\n\n<li>Cookies funkcjonalne \u2013 pozwalaj\u0105ce zapami\u0119ta\u0107 wybrane przez u\u017cytkownika ustawienia i personalizowa\u0107 interfejs strony.<\/li>\n<\/ol>\n\n\n\n<p><strong>5. Narz\u0119dzia zewn\u0119trzne<\/strong><\/p>\n\n\n\n<p>CASGUG mo\u017ce korzysta\u0107 z narz\u0119dzi analitycznych i multimedialnych dostarczanych przez zewn\u0119trznych dostawc\u00f3w, takich jak:<\/p>\n\n\n\n<ol start=\"1\" class=\"wp-block-list\">\n<li>Google Analytics \u2013 do analizy statystyk odwiedzin strony (wi\u0119cej informacji:\u00a0<strong><a href=\"https:\/\/policies.google.com\/privacy\">https:\/\/policies.google.com\/privacy<\/a><\/strong>),<\/li>\n\n\n\n<li>YouTube lub Facebook \u2013 w przypadku umieszczania materia\u0142\u00f3w wideo lub tre\u015bci osadzonych.<\/li>\n<\/ol>\n\n\n\n<p>Ka\u017cdy z dostawc\u00f3w zewn\u0119trznych stosuje w\u0142asne zasady dotycz\u0105ce plik\u00f3w cookies. Zach\u0119camy do zapoznania si\u0119 z ich politykami prywatno\u015bci.<\/p>\n\n\n\n<p><strong>6. Zarz\u0105dzanie plikami cookies<\/strong><\/p>\n\n\n\n<p>U\u017cytkownik mo\u017ce w ka\u017cdej chwili zmieni\u0107 ustawienia dotycz\u0105ce plik\u00f3w cookies:<\/p>\n\n\n\n<ol start=\"1\" class=\"wp-block-list\">\n<li>w swojej przegl\u0105darce internetowej (np. Chrome, Firefox, Safari, Edge),<\/li>\n\n\n\n<li>usuwaj\u0105c ju\u017c zapisane pliki cookies lub blokuj\u0105c ich automatyczne zapisywanie.<\/li>\n<\/ol>\n\n\n\n<p>Szczeg\u00f3\u0142owe informacje o mo\u017cliwo\u015bci i sposobach obs\u0142ugi plik\u00f3w cookies dost\u0119pne s\u0105 w ustawieniach przegl\u0105darki lub na stronie&nbsp;<a href=\"http:\/\/www.aboutcookies.org\/\"><strong>www.aboutcookies.org<\/strong><\/a>. Wy\u0142\u0105czenie lub ograniczenie obs\u0142ugi cookies mo\u017ce jednak wp\u0142yn\u0105\u0107 na niekt\u00f3re funkcje CASGUG.<\/p>\n\n\n\n<p><strong>7. Kontakt<\/strong><\/p>\n\n\n\n<p>W sprawach zwi\u0105zanych z wykorzystaniem plik\u00f3w cookies oraz ochron\u0105 danych osobowych mo\u017cna skontaktowa\u0107 si\u0119 z Administratorem pod adresem&nbsp;fundacjamemo@gmail.com.<\/p>\n\n\n\n<p><strong>8. Zmiany w Polityce cookies<\/strong><\/p>\n\n\n\n<p>Administrator zastrzega sobie prawo do wprowadzania zmian w niniejszej Polityce cookies w celu dostosowania jej do obowi\u0105zuj\u0105cych przepis\u00f3w prawa lub zmian technologicznych.<\/p>\n\n\n\n<p>Aktualna wersja Polityki jest dost\u0119pna na stronie CASGUG.<\/p>\n","protected":false},"excerpt":{"rendered":"<p>Polityka plik\u00f3w cookies Cyfrowego Archiwum Spo\u0142ecznego Gminy U\u015bcie Gorlickie:&nbsp; 1. Informacje og\u00f3lne Niniejsza Polityka plik\u00f3w cookies okre\u015bla zasady stosowania plik\u00f3w cookies w ramach strony internetowej&nbsp;www.casgug.pl dalej: CASGUG, prowadzonej przez Fundacj\u0119 \u201eMemo\u201d z siedzib\u0105 w Roczynach, ul. Szkolna 47, 34-120 Andrych\u00f3w. KRS: 0000674961, NIP: 5512629979, REGON: 367128320 (dalej: Administrator). Zobacz stron\u0119\u2197 2. Czym s\u0105 pliki cookies? &hellip; <\/p>\n<p class=\"link-more\"><a href=\"https:\/\/casgug.pl\/index.php\/polityka-plikow-cookies\/\" class=\"more-link\">Read more<span class=\"screen-reader-text\"> &#8222;Polityka plik\u00f3w cookies&#8221;<\/span><\/a><\/p>\n","protected":false},"author":1,"featured_media":1335,"parent":0,"menu_order":0,"comment_status":"closed","ping_status":"closed","template":"","meta":{"footnotes":""},"class_list":["post-1332","page","type-page","status-publish","has-post-thumbnail","hentry"],"_links":{"self":[{"href":"https:\/\/casgug.pl\/index.php\/wp-json\/wp\/v2\/pages\/1332","targetHints":{"allow":["GET"]}}],"collection":[{"href":"https:\/\/casgug.pl\/index.php\/wp-json\/wp\/v2\/pages"}],"about":[{"href":"https:\/\/casgug.pl\/index.php\/wp-json\/wp\/v2\/types\/page"}],"author":[{"embeddable":true,"href":"https:\/\/casgug.pl\/index.php\/wp-json\/wp\/v2\/users\/1"}],"replies":[{"embeddable":true,"href":"https:\/\/casgug.pl\/index.php\/wp-json\/wp\/v2\/comments?post=1332"}],"version-history":[{"count":2,"href":"https:\/\/casgug.pl\/index.php\/wp-json\/wp\/v2\/pages\/1332\/revisions"}],"predecessor-version":[{"id":1336,"href":"https:\/\/casgug.pl\/index.php\/wp-json\/wp\/v2\/pages\/1332\/revisions\/1336"}],"wp:featuredmedia":[{"embeddable":true,"href":"https:\/\/casgug.pl\/index.php\/wp-json\/wp\/v2\/media\/1335"}],"wp:attachment":[{"href":"https:\/\/casgug.pl\/index.php\/wp-json\/wp\/v2\/media?parent=1332"}],"curies":[{"name":"wp","href":"https:\/\/api.w.org\/{rel}","templated":true}]}}