{"id":1329,"date":"2026-01-07T23:00:08","date_gmt":"2026-01-07T23:00:08","guid":{"rendered":"https:\/\/casgug.pl\/?page_id=1329"},"modified":"2026-01-07T23:00:08","modified_gmt":"2026-01-07T23:00:08","slug":"polityka-prywatnosci","status":"publish","type":"page","link":"https:\/\/casgug.pl\/index.php\/polityka-prywatnosci\/","title":{"rendered":"Polityka prywatno\u015bci"},"content":{"rendered":"\n<p><strong>Polityka prywatno\u015bci strony internetowej Cyfrowego Archiwum Spo\u0142ecznego Gminy U\u015bcie Gorlickie<\/strong><\/p>\n\n\n\n<p><strong>I. Informacje og\u00f3lne<\/strong><\/p>\n\n\n\n<p>Niniejsza Polityka prywatno\u015bci okre\u015bla zasady przetwarzania i ochrony danych osobowych u\u017cytkownik\u00f3w korzystaj\u0105cych ze strony internetowej Cyfrowego Archiwum Spo\u0142ecznego Gminy U\u015bcie Gorlickie (casgug.pl) dalej: CASGUG<\/p>\n\n\n\n<p>Administratorem danych osobowych Fundacja \u201eMemo\u201d z siedzib\u0105 w Roczynach, ul. Szkolna 47, 34-120 Andrych\u00f3w. KRS: 0000674961, NIP: 5512629979, REGON: 367128320 (dalej: <em>Administrator<\/em>).<\/p>\n\n\n\n<p><strong>II. Zakres i cel przetwarzania danych<\/strong><\/p>\n\n\n\n<ol start=\"1\" class=\"wp-block-list\">\n<li>Strona CASGUG \u00a0jest multimedialn\u0105 baz\u0105 materia\u0142\u00f3w archiwalnych i \u017ar\u00f3d\u0142em historii m\u00f3wionej os\u00f3b zwi\u0105zanych z gmin\u0105 U\u015bcie Gorlickie. Administrator digitalizuje, archiwizuje i zabezpiecza wspomnienia a tak\u017ce wszelkiego rodzaju fotografie, dokumenty i materia\u0142y audio i video zwi\u0105zane z gmin\u0105, a nast\u0119pnie je udost\u0119pnia na stronie CASGUG. Dane osobowe u\u017cytkownik\u00f3w mog\u0105 by\u0107 przetwarzane wy\u0142\u0105cznie w nast\u0119puj\u0105cych przypadkach:<\/li>\n\n\n\n<li>gdy u\u017cytkownik dobrowolnie skontaktuje si\u0119 z Administratorem za pomoc\u0105 formularza kontaktowego lub poczty elektronicznej \u2013 w\u00f3wczas dane s\u0105 przetwarzane wy\u0142\u0105cznie w celu udzielenia odpowiedzi na zapytanie,<\/li>\n\n\n\n<li>w celach statystycznych, zwi\u0105zanych z analiz\u0105 sposobu korzystania z CASGUG (np. za po\u015brednictwem narz\u0119dzi takich jak Google Analytics) \u2013 dane te s\u0105 anonimizowane i nie pozwalaj\u0105 na identyfikacj\u0119 u\u017cytkownika.<\/li>\n<\/ol>\n\n\n\n<p><strong>III. Podstawa prawna przetwarzania<\/strong><\/p>\n\n\n\n<p>Dane przetwarzane s\u0105 zgodnie z:<\/p>\n\n\n\n<ol start=\"1\" class=\"wp-block-list\">\n<li>art. 6 ust. 1 lit. a RODO \u2013 na podstawie zgody u\u017cytkownika,<\/li>\n\n\n\n<li>art. 6 ust. 1 lit. f RODO \u2013 w celu realizacji prawnie uzasadnionego interesu Administratora, jakim jest informowanie o dzia\u0142alno\u015bci Gminy i analiza statystyczna odwiedzin strony CASGUG<\/li>\n<\/ol>\n\n\n\n<p><strong>IV. Odbiorcy danych<\/strong><\/p>\n\n\n\n<p>Dane mog\u0105 by\u0107 przekazywane podmiotom wsp\u00f3\u0142pracuj\u0105cym z Administratorem przy obs\u0142udze CASGUG a tak\u017ce grantodawcom. Wszystkie te podmioty przetwarzaj\u0105 dane na podstawie stosownych um\u00f3w powierzenia i zgodnie z RODO.<\/p>\n\n\n\n<p><strong>V. Ciasteczka (cookies)<\/strong><\/p>\n\n\n\n<p>Strona CASGUG mo\u017ce wykorzystywa\u0107 pliki cookies, kt\u00f3re:<\/p>\n\n\n\n<ol start=\"1\" class=\"wp-block-list\">\n<li>s\u0142u\u017c\u0105 do zapewnienia prawid\u0142owego dzia\u0142ania strony (np. zapami\u0119tania wybranych ustawie\u0144),<\/li>\n\n\n\n<li>mog\u0105 by\u0107 wykorzystywane do cel\u00f3w statystycznych (np. Google Analytics).<\/li>\n<\/ol>\n\n\n\n<p>U\u017cytkownik mo\u017ce w ka\u017cdej chwili zmieni\u0107 ustawienia dotycz\u0105ce cookies w swojej przegl\u0105darce internetowej lub ca\u0142kowicie je wy\u0142\u0105czy\u0107. Ograniczenie stosowania cookies mo\u017ce jednak wp\u0142yn\u0105\u0107 na poprawne dzia\u0142anie niekt\u00f3rych funkcji CASGUGu.<\/p>\n\n\n\n<p><strong>VI. Prawa u\u017cytkownika<\/strong><\/p>\n\n\n\n<p>Ka\u017cdej osobie, kt\u00f3rej dane s\u0105 przetwarzane, przys\u0142uguj\u0105 prawa wynikaj\u0105ce z RODO, w tym:<\/p>\n\n\n\n<ol start=\"1\" class=\"wp-block-list\">\n<li>prawo dost\u0119pu do swoich danych,<\/li>\n\n\n\n<li>prawo do ich sprostowania, usuni\u0119cia lub ograniczenia przetwarzania,<\/li>\n\n\n\n<li>prawo do cofni\u0119cia zgody (je\u015bli by\u0142a udzielona),<\/li>\n\n\n\n<li>prawo wniesienia sprzeciwu wobec przetwarzania,<\/li>\n\n\n\n<li>prawo wniesienia skargi do Prezesa Urz\u0119du Ochrony Danych Osobowych (PUODO).<\/li>\n<\/ol>\n\n\n\n<p>W sprawach zwi\u0105zanych z ochron\u0105 danych osobowych mo\u017cna kontaktowa\u0107 si\u0119 z Administratorem pod adresem:&nbsp;<strong>fundacjamemo@gmail.com<\/strong>&nbsp;<\/p>\n\n\n\n<p><strong>VII. Okres przechowywania danych<\/strong><\/p>\n\n\n\n<p>Dane osobowe s\u0105 przechowywane tylko przez okres niezb\u0119dny do realizacji celu, dla kt\u00f3rego zosta\u0142y zebrane, lub do momentu cofni\u0119cia zgody przez u\u017cytkownika.<\/p>\n\n\n\n<p><strong>VIII. Bezpiecze\u0144stwo danych<\/strong><\/p>\n\n\n\n<p>Administrator stosuje odpowiednie \u015brodki techniczne i organizacyjne, aby zapewni\u0107 bezpiecze\u0144stwo przetwarzanych danych, w szczeg\u00f3lno\u015bci przed ich udost\u0119pnieniem osobom nieupowa\u017cnionym, utrat\u0105 lub zniszczeniem.<\/p>\n\n\n\n<p><strong>IX. Zmiany polityki prywatno\u015bci<\/strong><\/p>\n\n\n\n<p>Administrator zastrzega sobie prawo do wprowadzania zmian w niniejszej Polityce prywatno\u015bci w przypadku zmiany przepis\u00f3w prawa lub sposobu dzia\u0142ania CASGUG<\/p>\n","protected":false},"excerpt":{"rendered":"<p>Polityka prywatno\u015bci strony internetowej Cyfrowego Archiwum Spo\u0142ecznego Gminy U\u015bcie Gorlickie I. Informacje og\u00f3lne Niniejsza Polityka prywatno\u015bci okre\u015bla zasady przetwarzania i ochrony danych osobowych u\u017cytkownik\u00f3w korzystaj\u0105cych ze strony internetowej Cyfrowego Archiwum Spo\u0142ecznego Gminy U\u015bcie Gorlickie (casgug.pl) dalej: CASGUG Administratorem danych osobowych Fundacja \u201eMemo\u201d z siedzib\u0105 w Roczynach, ul. Szkolna 47, 34-120 Andrych\u00f3w. KRS: 0000674961, NIP: 5512629979, &hellip; <\/p>\n<p class=\"link-more\"><a href=\"https:\/\/casgug.pl\/index.php\/polityka-prywatnosci\/\" class=\"more-link\">Read more<span class=\"screen-reader-text\"> &#8222;Polityka prywatno\u015bci&#8221;<\/span><\/a><\/p>\n","protected":false},"author":1,"featured_media":1330,"parent":0,"menu_order":0,"comment_status":"closed","ping_status":"closed","template":"","meta":{"footnotes":""},"class_list":["post-1329","page","type-page","status-publish","has-post-thumbnail","hentry"],"_links":{"self":[{"href":"https:\/\/casgug.pl\/index.php\/wp-json\/wp\/v2\/pages\/1329","targetHints":{"allow":["GET"]}}],"collection":[{"href":"https:\/\/casgug.pl\/index.php\/wp-json\/wp\/v2\/pages"}],"about":[{"href":"https:\/\/casgug.pl\/index.php\/wp-json\/wp\/v2\/types\/page"}],"author":[{"embeddable":true,"href":"https:\/\/casgug.pl\/index.php\/wp-json\/wp\/v2\/users\/1"}],"replies":[{"embeddable":true,"href":"https:\/\/casgug.pl\/index.php\/wp-json\/wp\/v2\/comments?post=1329"}],"version-history":[{"count":1,"href":"https:\/\/casgug.pl\/index.php\/wp-json\/wp\/v2\/pages\/1329\/revisions"}],"predecessor-version":[{"id":1331,"href":"https:\/\/casgug.pl\/index.php\/wp-json\/wp\/v2\/pages\/1329\/revisions\/1331"}],"wp:featuredmedia":[{"embeddable":true,"href":"https:\/\/casgug.pl\/index.php\/wp-json\/wp\/v2\/media\/1330"}],"wp:attachment":[{"href":"https:\/\/casgug.pl\/index.php\/wp-json\/wp\/v2\/media?parent=1329"}],"curies":[{"name":"wp","href":"https:\/\/api.w.org\/{rel}","templated":true}]}}