{"id":1238,"date":"2026-01-05T01:37:55","date_gmt":"2026-01-05T01:37:55","guid":{"rendered":"https:\/\/casgug.pl\/?page_id=1238"},"modified":"2026-02-10T22:16:25","modified_gmt":"2026-02-10T22:16:25","slug":"nasz-zespol","status":"publish","type":"page","link":"https:\/\/casgug.pl\/index.php\/nasz-zespol\/","title":{"rendered":"Nasz zesp\u00f3\u0142"},"content":{"rendered":"\n<figure class=\"wp-block-image aligncenter size-large\"><img fetchpriority=\"high\" decoding=\"async\" width=\"1024\" height=\"768\" src=\"https:\/\/casgug.pl\/wp-content\/uploads\/2026\/01\/PANP9028-1-1024x768.jpg\" alt=\"\" class=\"wp-image-1244\" srcset=\"https:\/\/casgug.pl\/wp-content\/uploads\/2026\/01\/PANP9028-1-1024x768.jpg 1024w, https:\/\/casgug.pl\/wp-content\/uploads\/2026\/01\/PANP9028-1-300x225.jpg 300w, https:\/\/casgug.pl\/wp-content\/uploads\/2026\/01\/PANP9028-1-2000x1500.jpg 2000w\" sizes=\"(max-width: 1024px) 100vw, 1024px\" \/><\/figure>\n\n\n\n<h3 class=\"wp-block-heading\">Materia\u0142y archiwalne pozyskuj\u0105 dla Cyfrowego Archiwum Spo\u0142ecznego Gminy U\u015bcie Gorlickie, digitalizuj\u0105, opracowuj\u0105 w Otwartym Systemie Archiwizacji OSA i udost\u0119pniaj\u0105: <\/h3>\n\n\n\n<p><strong>Regina Pazdur:<\/strong> etnolog, pedagog i archiwistka spo\u0142eczna. Cz\u0142onkini m.in. Polskiego Towarzystwa Ludoznawczego i zarz\u0105du Fundacji &#8222;Memo&#8221;. Specjalistka z zakresu<a href=\"https:\/\/www.lyzkarstwo.pl\/\"> \u0142emkowskiego \u0142y\u017ckarstwa.<\/a> Autorka 8 film\u00f3w etnograficznych i licznych videoart\u00f3w. Wsp\u00f3\u0142za\u0142o\u017cycielka oraz prowadz\u0105ca CASGUG (w tym powsta\u0142ego w 2016 r. z jej inicjatywy Archiwum Nowicy Przys\u0142up) i Archiwum Gminy Andrych\u00f3w (od 2019 r.). Autorka i redaktorka publikacji, artyku\u0142\u00f3w naukowych i popularnonaukowych. Autorka wielu projekt\u00f3w z zakresu szeroko rozumianej kultury. Stypendystka MKiDN (2016, 2023); KPO (2024, 2025), Ma\u0142opolskiej Fundacji Stypendialnej &#8222;Sapere Auso&#8221; (2013-2014), trzykrotna stypendystka Gminy Andrych\u00f3w w dziedzinie upowszechniania kultury (2014, 2016, 2022).<\/p>\n\n\n\n<p><strong><a href=\"https:\/\/maciejkudlacik.art\/\">Maciej Kud\u0142acik<\/a>:<\/strong> Prezes Zarz\u0105du i fundator <a href=\"https:\/\/fundacjamemo.pl\/\">Fundacji &#8222;Memo&#8221;<\/a>, stypendysta MKiDN; muzyk. Posiada bogate do\u015bwiadczenie w koordynowaniu merytorycznym i organizacyjnym kilkudziesi\u0119ciu projekt\u00f3w z zakresu ochrony, promocji i zachowania dziedzictwa kulturowego (zar\u00f3wno w skali og\u00f3lnopolskiej jak i lokalnej) realizownych przez ostatnie 8 lat przez Fundacj\u0119 Memo. Animator wydarze\u0144 kulturalnych, manager zespo\u0142\u00f3w muzycznych z dwudziestopi\u0119cioletnim do\u015bwiadczeniem.<\/p>\n\n\n\n<p><strong>Nikodem Kud\u0142acik:<\/strong> antropolog kultury m\u0142odego pokolenia, absolwent Uniwersytetu Jagiello\u0144skiego, muzyk. Jego zainteresowania badawcze skoncentrowane s\u0105 wok\u00f3\u0142 antropologii religii i nowoosadnictwa. W projekcie odpowiedzialny jest m.in. za opracowywanie i przygotowywanie nagra\u0144 audio do archiwizacji w Otwartym Systemie Acrhiwizacyjnym OSA.<\/p>\n","protected":false},"excerpt":{"rendered":"<p>Materia\u0142y archiwalne pozyskuj\u0105 dla Cyfrowego Archiwum Spo\u0142ecznego Gminy U\u015bcie Gorlickie, digitalizuj\u0105, opracowuj\u0105 w Otwartym Systemie Archiwizacji OSA i udost\u0119pniaj\u0105: Regina Pazdur: etnolog, pedagog i archiwistka spo\u0142eczna. Cz\u0142onkini m.in. Polskiego Towarzystwa Ludoznawczego i zarz\u0105du Fundacji &#8222;Memo&#8221;. Specjalistka z zakresu \u0142emkowskiego \u0142y\u017ckarstwa. Autorka 8 film\u00f3w etnograficznych i licznych videoart\u00f3w. Wsp\u00f3\u0142za\u0142o\u017cycielka oraz prowadz\u0105ca CASGUG (w tym powsta\u0142ego w &hellip; <\/p>\n<p class=\"link-more\"><a href=\"https:\/\/casgug.pl\/index.php\/nasz-zespol\/\" class=\"more-link\">Read more<span class=\"screen-reader-text\"> &#8222;Nasz zesp\u00f3\u0142&#8221;<\/span><\/a><\/p>\n","protected":false},"author":1,"featured_media":1267,"parent":0,"menu_order":0,"comment_status":"closed","ping_status":"closed","template":"","meta":{"footnotes":""},"class_list":["post-1238","page","type-page","status-publish","has-post-thumbnail","hentry"],"_links":{"self":[{"href":"https:\/\/casgug.pl\/index.php\/wp-json\/wp\/v2\/pages\/1238","targetHints":{"allow":["GET"]}}],"collection":[{"href":"https:\/\/casgug.pl\/index.php\/wp-json\/wp\/v2\/pages"}],"about":[{"href":"https:\/\/casgug.pl\/index.php\/wp-json\/wp\/v2\/types\/page"}],"author":[{"embeddable":true,"href":"https:\/\/casgug.pl\/index.php\/wp-json\/wp\/v2\/users\/1"}],"replies":[{"embeddable":true,"href":"https:\/\/casgug.pl\/index.php\/wp-json\/wp\/v2\/comments?post=1238"}],"version-history":[{"count":13,"href":"https:\/\/casgug.pl\/index.php\/wp-json\/wp\/v2\/pages\/1238\/revisions"}],"predecessor-version":[{"id":2024,"href":"https:\/\/casgug.pl\/index.php\/wp-json\/wp\/v2\/pages\/1238\/revisions\/2024"}],"wp:featuredmedia":[{"embeddable":true,"href":"https:\/\/casgug.pl\/index.php\/wp-json\/wp\/v2\/media\/1267"}],"wp:attachment":[{"href":"https:\/\/casgug.pl\/index.php\/wp-json\/wp\/v2\/media?parent=1238"}],"curies":[{"name":"wp","href":"https:\/\/api.w.org\/{rel}","templated":true}]}}